{"id":22,"date":"2014-01-18T09:21:11","date_gmt":"2014-01-18T08:21:11","guid":{"rendered":"http:\/\/www.yusinkwon.nl\/?page_id=22"},"modified":"2025-01-22T11:45:01","modified_gmt":"2025-01-22T10:45:01","slug":"jeugdbeleidsplan-2012-2014","status":"publish","type":"page","link":"https:\/\/www.yusinkwon.nl\/?page_id=22","title":{"rendered":"Sponsoring, Visie en Missie"},"content":{"rendered":"<p><strong>Fondsenwerving<\/strong><\/p>\n<p><strong>Crowdfunding<\/strong><\/p>\n<p>De vereniging probeert via andere bronnen aanvullende financi\u00eble steun binnen te halen, bijvoorbeeld met crowdfunding. We nemen zelf het initiatief en komen met idee\u00ebn. Deze idee\u00ebn zet Yu Sin Kwon al dan niet online, waarbij ge\u00efnteresseerden, mecenassen, bedrijven, fondsen en stichtingen wordt gevraagd geld te doneren als ze het een goed plan vinden. Als velen onze idee\u00ebn steunen, hoopt de vereniging genoeg geld binnen te halen voor een gezonde financi\u00eble huishouding.<\/p>\n\n\t\t<style type=\"text\/css\">\n\t\t\t#gallery-1 {\n\t\t\t\tmargin: auto;\n\t\t\t}\n\t\t\t#gallery-1 .gallery-item {\n\t\t\t\tfloat: left;\n\t\t\t\tmargin-top: 10px;\n\t\t\t\ttext-align: center;\n\t\t\t\twidth: 33%;\n\t\t\t}\n\t\t\t#gallery-1 img {\n\t\t\t\tborder: 2px solid #cfcfcf;\n\t\t\t}\n\t\t\t#gallery-1 .gallery-caption {\n\t\t\t\tmargin-left: 0;\n\t\t\t}\n\t\t\t\/* see gallery_shortcode() in wp-includes\/media.php *\/\n\t\t<\/style>\n\t\t<div id='gallery-1' class='gallery galleryid-22 gallery-columns-3 gallery-size-thumbnail'><dl class='gallery-item'>\n\t\t\t<dt class='gallery-icon landscape'>\n\t\t\t\t<img width=\"150\" height=\"150\" src=\"https:\/\/www.yusinkwon.nl\/wp-content\/uploads\/2014\/01\/3a-2-150x150.jpg\" class=\"attachment-thumbnail size-thumbnail\" alt=\"\" loading=\"lazy\" \/>\n\t\t\t<\/dt><\/dl><dl class='gallery-item'>\n\t\t\t<dt class='gallery-icon landscape'>\n\t\t\t\t<img width=\"150\" height=\"150\" src=\"https:\/\/www.yusinkwon.nl\/wp-content\/uploads\/2014\/01\/3b-1-150x150.jpg\" class=\"attachment-thumbnail size-thumbnail\" alt=\"\" loading=\"lazy\" srcset=\"https:\/\/www.yusinkwon.nl\/wp-content\/uploads\/2014\/01\/3b-1-150x150.jpg 150w, https:\/\/www.yusinkwon.nl\/wp-content\/uploads\/2014\/01\/3b-1.jpg 225w\" sizes=\"(max-width: 150px) 100vw, 150px\" \/>\n\t\t\t<\/dt><\/dl><dl class='gallery-item'>\n\t\t\t<dt class='gallery-icon landscape'>\n\t\t\t\t<img width=\"150\" height=\"150\" src=\"https:\/\/www.yusinkwon.nl\/wp-content\/uploads\/2014\/01\/3c-1-150x150.jpg\" class=\"attachment-thumbnail size-thumbnail\" alt=\"\" loading=\"lazy\" srcset=\"https:\/\/www.yusinkwon.nl\/wp-content\/uploads\/2014\/01\/3c-1-150x150.jpg 150w, https:\/\/www.yusinkwon.nl\/wp-content\/uploads\/2014\/01\/3c-1.jpg 160w\" sizes=\"(max-width: 150px) 100vw, 150px\" \/>\n\t\t\t<\/dt><\/dl><br style=\"clear: both\" \/>\n\t\t<\/div>\n\n<p><strong>Wie helpt?<\/strong><\/p>\n<p>In 2014 heeft de vereniging uit eigen zak een \u2018vermogen\u2019 uitgegeven (\u20ac 3.000,-) voor een nieuw dekzeil tbv de hapkido-tatami. De tatami bestaat verder uit 64 losse matten (elk 1 bij 2 meter) van synthetische rubber\/neopreen die vanwege slijtage hoognodig aan vervanging toe zijn. Aanschafkosten nieuwe mat: ruim \u20ac 9.000,-. De vereniging is druk bezig met leveranciers, maar weet vooralsnog niet hoe de matten bekostigd moeten worden.<\/p>\n<p><a href=\"http:\/\/www.yusinkwon.nl\/wp-content\/uploads\/2014\/01\/17_Sponsoring-visie-en-Missie_4-.jpg\"><img loading=\"lazy\" class=\"aligncenter wp-image-974 size-large\" src=\"http:\/\/www.yusinkwon.nl\/wp-content\/uploads\/2014\/01\/17_Sponsoring-visie-en-Missie_4--1024x768.jpg\" alt=\"\" width=\"650\" height=\"488\" srcset=\"https:\/\/www.yusinkwon.nl\/wp-content\/uploads\/2014\/01\/17_Sponsoring-visie-en-Missie_4-.jpg 1024w, https:\/\/www.yusinkwon.nl\/wp-content\/uploads\/2014\/01\/17_Sponsoring-visie-en-Missie_4--300x225.jpg 300w\" sizes=\"(max-width: 650px) 100vw, 650px\" \/><\/a><\/p>\n<p><strong>Contact<\/strong><\/p>\n<p>Wie vindt het een goed idee en weet de vereniging in contact te brengen met interessante sponsors? U kunt ons ook bereiken doormiddel van het invullen van ons contact formulier of direct te mailen naar <a href=\"mailto:yusinkwon@outlook.com\">yusinkwon@outlook.com<\/a><\/p>\n","protected":false},"excerpt":{"rendered":"<p>Fondsenwerving Crowdfunding De vereniging probeert via andere bronnen aanvullende financi\u00eble steun binnen te halen, bijvoorbeeld met crowdfunding. We nemen zelf het initiatief en komen met idee\u00ebn. Deze idee\u00ebn zet Yu Sin Kwon al dan niet online, waarbij ge\u00efnteresseerden, mecenassen, bedrijven, fondsen en stichtingen wordt gevraagd geld te doneren als ze het een goed plan vinden. [&hellip;]<\/p>\n","protected":false},"author":3,"featured_media":0,"parent":0,"menu_order":0,"comment_status":"open","ping_status":"open","template":"","meta":[],"_links":{"self":[{"href":"https:\/\/www.yusinkwon.nl\/index.php?rest_route=\/wp\/v2\/pages\/22"}],"collection":[{"href":"https:\/\/www.yusinkwon.nl\/index.php?rest_route=\/wp\/v2\/pages"}],"about":[{"href":"https:\/\/www.yusinkwon.nl\/index.php?rest_route=\/wp\/v2\/types\/page"}],"author":[{"embeddable":true,"href":"https:\/\/www.yusinkwon.nl\/index.php?rest_route=\/wp\/v2\/users\/3"}],"replies":[{"embeddable":true,"href":"https:\/\/www.yusinkwon.nl\/index.php?rest_route=%2Fwp%2Fv2%2Fcomments&post=22"}],"version-history":[{"count":31,"href":"https:\/\/www.yusinkwon.nl\/index.php?rest_route=\/wp\/v2\/pages\/22\/revisions"}],"predecessor-version":[{"id":1386,"href":"https:\/\/www.yusinkwon.nl\/index.php?rest_route=\/wp\/v2\/pages\/22\/revisions\/1386"}],"wp:attachment":[{"href":"https:\/\/www.yusinkwon.nl\/index.php?rest_route=%2Fwp%2Fv2%2Fmedia&parent=22"}],"curies":[{"name":"wp","href":"https:\/\/api.w.org\/{rel}","templated":true}]}}